{"id":3143,"date":"2020-04-28T14:39:00","date_gmt":"2020-04-28T12:39:00","guid":{"rendered":"http:\/\/okpol.pl\/sklep\/?page_id=3143"},"modified":"2023-01-18T11:47:25","modified_gmt":"2023-01-18T10:47:25","slug":"kontakt-ze-sklepem","status":"publish","type":"page","link":"https:\/\/okpol.pl\/sklep\/kontakt-ze-sklepem\/","title":{"rendered":"Kontakt ze sklepem"},"content":{"rendered":"<p>[vc_row][vc_column][vc_column_text]<\/p>\r\n<p class=\"has-text-align-center has-text-align-center\" style=\"text-align: center;\">Okpol Sp. z o.o.<\/p>\r\n<!-- \/wp:post-content -->\r\n<p>&nbsp;<\/p>\r\n<!-- wp:paragraph {\"align\":\"center\",\"className\":\"has-text-align-center\"} -->\r\n<p class=\"has-text-align-center has-text-align-center\" style=\"text-align: center;\">ul. Topolowa 24<\/p>\r\n<!-- \/wp:paragraph -->\r\n<p>&nbsp;<\/p>\r\n<!-- wp:paragraph {\"align\":\"center\",\"className\":\"has-text-align-center\"} -->\r\n<p class=\"has-text-align-center has-text-align-center\" style=\"text-align: center;\">49-318 Skarbimierz-Osiedle<\/p>\r\n<!-- \/wp:paragraph -->\r\n<p>&nbsp;<\/p>\r\n<!-- wp:paragraph {\"align\":\"center\"} -->\r\n<p class=\"has-text-align-center\" style=\"text-align: center;\">NIP: 7471801677<\/p>\r\n<!-- \/wp:paragraph -->\r\n<p>&nbsp;<\/p>\r\n<!-- wp:paragraph {\"align\":\"center\",\"className\":\"has-text-align-center\"} -->\r\n<p class=\"has-text-align-center has-text-align-center\" style=\"text-align: center;\">tel. 77 404 6660 ( pn-pt od godz. 7 do 16 )<\/p>\r\n<p style=\"text-align: center;\">\u00a0email: sklep@okpol.pl<\/p>\r\n<p>&nbsp;<\/p>\r\n<p>&nbsp;<\/p>\r\n<p>[\/vc_column_text][\/vc_column][\/vc_row][vc_row][vc_column][vc_column_text]<\/p>\r\n<p>Formularz kontaktowy<\/p>\r\n<p>[\/vc_column_text][\/vc_column][\/vc_row][vc_row][vc_column]<div class=\"wpforms-container wpforms-container-full\" id=\"wpforms-3138\"><form id=\"wpforms-form-3138\" class=\"wpforms-validate wpforms-form\" data-formid=\"3138\" method=\"post\" enctype=\"multipart\/form-data\" action=\"\/sklep\/wp-json\/wp\/v2\/pages\/3143\" data-token=\"0b809c0c8290198fff1c4a30dbcb7c5c\" data-token-time=\"1776934442\"><noscript class=\"wpforms-error-noscript\">Aby wype\u0142ni\u0107 ten formularz, w\u0142\u0105cz obs\u0142ug\u0119 JavaScript w przegl\u0105darce.<\/noscript><div class=\"wpforms-field-container\"><div id=\"wpforms-3138-field_4-container\" class=\"wpforms-field wpforms-field-text\" data-field-id=\"4\"><label class=\"wpforms-field-label\" for=\"wpforms-3138-field_4\">Imi\u0119 i nazwisko<\/label><input type=\"text\" id=\"wpforms-3138-field_4\" class=\"wpforms-field-medium\" name=\"wpforms[fields][4]\" ><\/div><div id=\"wpforms-3138-field_1-container\" class=\"wpforms-field wpforms-field-email\" data-field-id=\"1\"><label class=\"wpforms-field-label\" for=\"wpforms-3138-field_1\">Email <span class=\"wpforms-required-label\">*<\/span><\/label><input type=\"email\" id=\"wpforms-3138-field_1\" class=\"wpforms-field-medium wpforms-field-required\" name=\"wpforms[fields][1]\" spellcheck=\"false\" required><\/div><div id=\"wpforms-3138-field_2-container\" class=\"wpforms-field wpforms-field-textarea\" data-field-id=\"2\"><label class=\"wpforms-field-label\" for=\"wpforms-3138-field_2\">Wpisz tre\u015b\u0107 zapytania <span class=\"wpforms-required-label\">*<\/span><\/label><textarea id=\"wpforms-3138-field_2\" class=\"wpforms-field-medium wpforms-field-required\" name=\"wpforms[fields][2]\" required><\/textarea><\/div><div id=\"wpforms-3138-field_7-container\" class=\"wpforms-field wpforms-field-gdpr-checkbox\" data-field-id=\"7\"><label class=\"wpforms-field-label\">Informacja o przetwarzaniu danych osobowych <span class=\"wpforms-required-label\">*<\/span><\/label><ul id=\"wpforms-3138-field_7\" class=\"wpforms-field-required\"><li class=\"choice-1\"><input type=\"checkbox\" id=\"wpforms-3138-field_7_1\" name=\"wpforms[fields][7][]\" value=\"Wyra\u017cam zgod\u0119 na przetwarzanie moich danych osobowych zgodnie z ustaw\u0105 o ochronie danych osobowych w zwi\u0105zku z wys\u0142aniem zapytania przez formularz kontaktowy. Podanie danych jest dobrowolne, ale niezb\u0119dne do przetworzenia zapytania. Zosta\u0142em poinformowany, \u017ce przys\u0142uguje mi prawo dost\u0119pu do swoich danych, mo\u017cliwo\u015b\u0107 ich poprawiania, \u017c\u0105dania zaprzestania ich przetwarzania. Administratorem danych osobowych jest Okpol Sp. z o.o. 49-318 Skarbimierz-Osiedle, ul. Topolowa 24\" required ><label class=\"wpforms-field-label-inline\" for=\"wpforms-3138-field_7_1\">Wyra\u017cam zgod\u0119 na przetwarzanie moich danych osobowych zgodnie z ustaw\u0105 o ochronie danych osobowych w zwi\u0105zku z wys\u0142aniem zapytania przez formularz kontaktowy. Podanie danych jest dobrowolne, ale niezb\u0119dne do przetworzenia zapytania. Zosta\u0142em poinformowany, \u017ce przys\u0142uguje mi prawo dost\u0119pu do swoich danych, mo\u017cliwo\u015b\u0107 ich poprawiania, \u017c\u0105dania zaprzestania ich przetwarzania. Administratorem danych osobowych jest Okpol Sp. z o.o. 49-318 Skarbimierz-Osiedle, ul. Topolowa 24<\/label><\/li><\/ul><\/div><\/div><!-- .wpforms-field-container --><div class=\"wpforms-field wpforms-field-hp\"><label for=\"wpforms-3138-field-hp\" class=\"wpforms-field-label\">Message<\/label><input type=\"text\" name=\"wpforms[hp]\" id=\"wpforms-3138-field-hp\" class=\"wpforms-field-medium\"><\/div>\r\n\t\t\t<script>\r\n\t\t\tif ( typeof huOptions !== 'undefined' ) {\r\n\t\t\t\tvar huFormData = {\"source\":\"wpforms\",\"id\":3138,\"title\":\"Kontakt ze sklepem\",\"fields\":{\"subject\":{\"first_name\":\"\",\"last_name\":\"\"}}};\r\n\t\t\t\tvar huFormNode = document.querySelector( '[id=\"wpforms-3138\"] form' );\r\n\r\n\t\t\t\tvar firstName = huFormNode.querySelector( 'input.wpforms-field-name-first' );\r\n\t\t\t\tvar lastName = huFormNode.querySelector( 'input.wpforms-field-name-last' );\r\n\r\n\t\t\t\tif ( firstName )\r\n\t\t\t\t\thuFormData['fields']['subject']['first_name'] = firstName.getAttribute( 'name' );\r\n\r\n\t\t\t\tif ( lastName )\r\n\t\t\t\t\thuFormData['fields']['subject']['last_name'] = lastName.getAttribute( 'name' );\r\n\r\n\t\t\t\thuFormData['node'] = huFormNode;\r\n\t\t\t\thuOptions['forms'].push( huFormData );\r\n\t\t\t}\r\n\t\t\t<\/script><div class=\"wpforms-submit-container\" ><input type=\"hidden\" name=\"wpforms[id]\" value=\"3138\"><input type=\"hidden\" name=\"page_title\" value=\"\"><input type=\"hidden\" name=\"page_url\" value=\"https:\/\/okpol.pl\/sklep\/wp-json\/wp\/v2\/pages\/3143\"><input type=\"hidden\" name=\"url_referer\" value=\"\"><button type=\"submit\" name=\"wpforms[submit]\" id=\"wpforms-submit-3138\" class=\"wpforms-submit\" data-alt-text=\"Trwa wysy\u0142anie\" data-submit-text=\"Wy\u015blij\" aria-live=\"assertive\" value=\"wpforms-submit\">Wy\u015blij<\/button><\/div><\/form><\/div>  <!-- .wpforms-container -->[\/vc_column][\/vc_row]<\/p>","protected":false},"excerpt":{"rendered":"<p>[vc_row][vc_column][vc_column_text] Okpol Sp. z o.o. &nbsp; ul. Topolowa 24 &nbsp; 49-318 Skarbimierz-Osiedle &nbsp; NIP: 7471801677 &nbsp; tel. 77 404 6660 ( pn-pt od godz. 7 do 16 ) \u00a0email: sklep@okpol.pl &nbsp; &nbsp; [\/vc_column_text][\/vc_column][\/vc_row][vc_row][vc_column][vc_column_text] Formularz kontaktowy [\/vc_column_text][\/vc_column][\/vc_row][vc_row][vc_column][\/vc_column][\/vc_row]<\/p>\n","protected":false},"author":1,"featured_media":0,"parent":0,"menu_order":0,"comment_status":"closed","ping_status":"closed","template":"","meta":{"footnotes":""},"class_list":["post-3143","page","type-page","status-publish","hentry"],"yoast_head":"<!-- This site is optimized with the Yoast SEO plugin v27.4 - https:\/\/yoast.com\/product\/yoast-seo-wordpress\/ -->\n<title>Kontakt ze sklepem - Sklep internetowy OKPOL<\/title>\n<meta name=\"robots\" content=\"index, follow, max-snippet:-1, max-image-preview:large, max-video-preview:-1\" \/>\n<link rel=\"canonical\" href=\"https:\/\/okpol.pl\/sklep\/kontakt-ze-sklepem\/\" \/>\n<meta property=\"og:locale\" content=\"pl_PL\" \/>\n<meta property=\"og:type\" content=\"article\" \/>\n<meta property=\"og:title\" content=\"Kontakt ze sklepem - Sklep internetowy OKPOL\" \/>\n<meta property=\"og:description\" content=\"[vc_row][vc_column][vc_column_text] Okpol Sp. z o.o. &nbsp; ul. Topolowa 24 &nbsp; 49-318 Skarbimierz-Osiedle &nbsp; NIP: 7471801677 &nbsp; tel. 77 404 6660 ( pn-pt od godz. 7 do 16 ) \u00a0email: sklep@okpol.pl &nbsp; &nbsp; [\/vc_column_text][\/vc_column][\/vc_row][vc_row][vc_column][vc_column_text] Formularz kontaktowy [\/vc_column_text][\/vc_column][\/vc_row][vc_row][vc_column][\/vc_column][\/vc_row]\" \/>\n<meta property=\"og:url\" content=\"https:\/\/okpol.pl\/sklep\/kontakt-ze-sklepem\/\" \/>\n<meta property=\"og:site_name\" content=\"Sklep internetowy OKPOL\" \/>\n<meta property=\"article:publisher\" content=\"https:\/\/www.facebook.com\/oknadachowe\" \/>\n<meta property=\"article:modified_time\" content=\"2023-01-18T10:47:25+00:00\" \/>\n<meta name=\"twitter:card\" content=\"summary_large_image\" \/>\n<meta name=\"twitter:label1\" content=\"Szacowany czas czytania\" \/>\n\t<meta name=\"twitter:data1\" content=\"1 minuta\" \/>\n<script type=\"application\/ld+json\" class=\"yoast-schema-graph\">{\"@context\":\"https:\\\/\\\/schema.org\",\"@graph\":[{\"@type\":\"WebPage\",\"@id\":\"https:\\\/\\\/okpol.pl\\\/sklep\\\/kontakt-ze-sklepem\\\/\",\"url\":\"https:\\\/\\\/okpol.pl\\\/sklep\\\/kontakt-ze-sklepem\\\/\",\"name\":\"Kontakt ze sklepem - Sklep internetowy OKPOL\",\"isPartOf\":{\"@id\":\"https:\\\/\\\/okpol.pl\\\/sklep\\\/#website\"},\"datePublished\":\"2020-04-28T12:39:00+00:00\",\"dateModified\":\"2023-01-18T10:47:25+00:00\",\"breadcrumb\":{\"@id\":\"https:\\\/\\\/okpol.pl\\\/sklep\\\/kontakt-ze-sklepem\\\/#breadcrumb\"},\"inLanguage\":\"pl-PL\",\"potentialAction\":[{\"@type\":\"ReadAction\",\"target\":[\"https:\\\/\\\/okpol.pl\\\/sklep\\\/kontakt-ze-sklepem\\\/\"]}]},{\"@type\":\"BreadcrumbList\",\"@id\":\"https:\\\/\\\/okpol.pl\\\/sklep\\\/kontakt-ze-sklepem\\\/#breadcrumb\",\"itemListElement\":[{\"@type\":\"ListItem\",\"position\":1,\"name\":\"Strona g\u0142\u00f3wna\",\"item\":\"https:\\\/\\\/okpol.pl\\\/sklep\\\/\"},{\"@type\":\"ListItem\",\"position\":2,\"name\":\"Kontakt ze sklepem\"}]},{\"@type\":\"WebSite\",\"@id\":\"https:\\\/\\\/okpol.pl\\\/sklep\\\/#website\",\"url\":\"https:\\\/\\\/okpol.pl\\\/sklep\\\/\",\"name\":\"Sklep internetowy OKPOL\",\"description\":\"akcesoria do okien dachowych OKPOL\",\"publisher\":{\"@id\":\"https:\\\/\\\/okpol.pl\\\/sklep\\\/#organization\"},\"potentialAction\":[{\"@type\":\"SearchAction\",\"target\":{\"@type\":\"EntryPoint\",\"urlTemplate\":\"https:\\\/\\\/okpol.pl\\\/sklep\\\/?s={search_term_string}\"},\"query-input\":{\"@type\":\"PropertyValueSpecification\",\"valueRequired\":true,\"valueName\":\"search_term_string\"}}],\"inLanguage\":\"pl-PL\"},{\"@type\":\"Organization\",\"@id\":\"https:\\\/\\\/okpol.pl\\\/sklep\\\/#organization\",\"name\":\"Okpol Sp. z o.o.\",\"url\":\"https:\\\/\\\/okpol.pl\\\/sklep\\\/\",\"logo\":{\"@type\":\"ImageObject\",\"inLanguage\":\"pl-PL\",\"@id\":\"https:\\\/\\\/okpol.pl\\\/sklep\\\/#\\\/schema\\\/logo\\\/image\\\/\",\"url\":\"https:\\\/\\\/i2.wp.com\\\/okpol.pl\\\/sklep\\\/wp-content\\\/uploads\\\/2020\\\/04\\\/Logo-OKPOL-RGB-300x69-1.png?fit=300%2C69&ssl=1\",\"contentUrl\":\"https:\\\/\\\/i2.wp.com\\\/okpol.pl\\\/sklep\\\/wp-content\\\/uploads\\\/2020\\\/04\\\/Logo-OKPOL-RGB-300x69-1.png?fit=300%2C69&ssl=1\",\"width\":300,\"height\":69,\"caption\":\"Okpol Sp. z o.o.\"},\"image\":{\"@id\":\"https:\\\/\\\/okpol.pl\\\/sklep\\\/#\\\/schema\\\/logo\\\/image\\\/\"},\"sameAs\":[\"https:\\\/\\\/www.facebook.com\\\/oknadachowe\",\"https:\\\/\\\/www.youtube.com\\\/channel\\\/UCtjVf14K2LNf29alqYglOIA\"]}]}<\/script>\n<!-- \/ Yoast SEO plugin. -->","yoast_head_json":{"title":"Kontakt ze sklepem - Sklep internetowy OKPOL","robots":{"index":"index","follow":"follow","max-snippet":"max-snippet:-1","max-image-preview":"max-image-preview:large","max-video-preview":"max-video-preview:-1"},"canonical":"https:\/\/okpol.pl\/sklep\/kontakt-ze-sklepem\/","og_locale":"pl_PL","og_type":"article","og_title":"Kontakt ze sklepem - Sklep internetowy OKPOL","og_description":"[vc_row][vc_column][vc_column_text] Okpol Sp. z o.o. &nbsp; ul. Topolowa 24 &nbsp; 49-318 Skarbimierz-Osiedle &nbsp; NIP: 7471801677 &nbsp; tel. 77 404 6660 ( pn-pt od godz. 7 do 16 ) \u00a0email: sklep@okpol.pl &nbsp; &nbsp; [\/vc_column_text][\/vc_column][\/vc_row][vc_row][vc_column][vc_column_text] Formularz kontaktowy [\/vc_column_text][\/vc_column][\/vc_row][vc_row][vc_column][\/vc_column][\/vc_row]","og_url":"https:\/\/okpol.pl\/sklep\/kontakt-ze-sklepem\/","og_site_name":"Sklep internetowy OKPOL","article_publisher":"https:\/\/www.facebook.com\/oknadachowe","article_modified_time":"2023-01-18T10:47:25+00:00","twitter_card":"summary_large_image","twitter_misc":{"Szacowany czas czytania":"1 minuta"},"schema":{"@context":"https:\/\/schema.org","@graph":[{"@type":"WebPage","@id":"https:\/\/okpol.pl\/sklep\/kontakt-ze-sklepem\/","url":"https:\/\/okpol.pl\/sklep\/kontakt-ze-sklepem\/","name":"Kontakt ze sklepem - Sklep internetowy OKPOL","isPartOf":{"@id":"https:\/\/okpol.pl\/sklep\/#website"},"datePublished":"2020-04-28T12:39:00+00:00","dateModified":"2023-01-18T10:47:25+00:00","breadcrumb":{"@id":"https:\/\/okpol.pl\/sklep\/kontakt-ze-sklepem\/#breadcrumb"},"inLanguage":"pl-PL","potentialAction":[{"@type":"ReadAction","target":["https:\/\/okpol.pl\/sklep\/kontakt-ze-sklepem\/"]}]},{"@type":"BreadcrumbList","@id":"https:\/\/okpol.pl\/sklep\/kontakt-ze-sklepem\/#breadcrumb","itemListElement":[{"@type":"ListItem","position":1,"name":"Strona g\u0142\u00f3wna","item":"https:\/\/okpol.pl\/sklep\/"},{"@type":"ListItem","position":2,"name":"Kontakt ze sklepem"}]},{"@type":"WebSite","@id":"https:\/\/okpol.pl\/sklep\/#website","url":"https:\/\/okpol.pl\/sklep\/","name":"Sklep internetowy OKPOL","description":"akcesoria do okien dachowych OKPOL","publisher":{"@id":"https:\/\/okpol.pl\/sklep\/#organization"},"potentialAction":[{"@type":"SearchAction","target":{"@type":"EntryPoint","urlTemplate":"https:\/\/okpol.pl\/sklep\/?s={search_term_string}"},"query-input":{"@type":"PropertyValueSpecification","valueRequired":true,"valueName":"search_term_string"}}],"inLanguage":"pl-PL"},{"@type":"Organization","@id":"https:\/\/okpol.pl\/sklep\/#organization","name":"Okpol Sp. z o.o.","url":"https:\/\/okpol.pl\/sklep\/","logo":{"@type":"ImageObject","inLanguage":"pl-PL","@id":"https:\/\/okpol.pl\/sklep\/#\/schema\/logo\/image\/","url":"https:\/\/i2.wp.com\/okpol.pl\/sklep\/wp-content\/uploads\/2020\/04\/Logo-OKPOL-RGB-300x69-1.png?fit=300%2C69&ssl=1","contentUrl":"https:\/\/i2.wp.com\/okpol.pl\/sklep\/wp-content\/uploads\/2020\/04\/Logo-OKPOL-RGB-300x69-1.png?fit=300%2C69&ssl=1","width":300,"height":69,"caption":"Okpol Sp. z o.o."},"image":{"@id":"https:\/\/okpol.pl\/sklep\/#\/schema\/logo\/image\/"},"sameAs":["https:\/\/www.facebook.com\/oknadachowe","https:\/\/www.youtube.com\/channel\/UCtjVf14K2LNf29alqYglOIA"]}]}},"jetpack_sharing_enabled":true,"_links":{"self":[{"href":"https:\/\/okpol.pl\/sklep\/wp-json\/wp\/v2\/pages\/3143","targetHints":{"allow":["GET"]}}],"collection":[{"href":"https:\/\/okpol.pl\/sklep\/wp-json\/wp\/v2\/pages"}],"about":[{"href":"https:\/\/okpol.pl\/sklep\/wp-json\/wp\/v2\/types\/page"}],"author":[{"embeddable":true,"href":"https:\/\/okpol.pl\/sklep\/wp-json\/wp\/v2\/users\/1"}],"replies":[{"embeddable":true,"href":"https:\/\/okpol.pl\/sklep\/wp-json\/wp\/v2\/comments?post=3143"}],"version-history":[{"count":12,"href":"https:\/\/okpol.pl\/sklep\/wp-json\/wp\/v2\/pages\/3143\/revisions"}],"predecessor-version":[{"id":5692,"href":"https:\/\/okpol.pl\/sklep\/wp-json\/wp\/v2\/pages\/3143\/revisions\/5692"}],"wp:attachment":[{"href":"https:\/\/okpol.pl\/sklep\/wp-json\/wp\/v2\/media?parent=3143"}],"curies":[{"name":"wp","href":"https:\/\/api.w.org\/{rel}","templated":true}]}}