{"id":3048,"date":"2020-04-15T13:37:24","date_gmt":"2020-04-15T11:37:24","guid":{"rendered":"http:\/\/okpol.pl\/sklep\/?post_type=product&#038;p=3048"},"modified":"2025-04-01T11:33:02","modified_gmt":"2025-04-01T09:33:02","slug":"markiza-zewnetrzna-amw","status":"publish","type":"product","link":"https:\/\/okpol.pl\/sklep\/produkt\/markiza-zewnetrzna-amw\/","title":{"rendered":"Markiza zewn\u0119trzna AMW (do okien ISO, IGOV, BGOV)"},"content":{"rendered":"<p><img data-recalc-dims=\"1\" loading=\"lazy\" decoding=\"async\" class=\"alignnone size-large wp-image-3868\" src=\"https:\/\/i0.wp.com\/okpol.pl\/sklep\/wp-content\/uploads\/2020\/05\/1.jpg?resize=900%2C316&#038;ssl=1\" alt=\"\" width=\"900\" height=\"316\" srcset=\"https:\/\/i0.wp.com\/okpol.pl\/sklep\/wp-content\/uploads\/2020\/05\/1.jpg?resize=1024%2C360&amp;ssl=1 1024w, https:\/\/i0.wp.com\/okpol.pl\/sklep\/wp-content\/uploads\/2020\/05\/1.jpg?resize=300%2C105&amp;ssl=1 300w, https:\/\/i0.wp.com\/okpol.pl\/sklep\/wp-content\/uploads\/2020\/05\/1.jpg?resize=768%2C270&amp;ssl=1 768w, https:\/\/i0.wp.com\/okpol.pl\/sklep\/wp-content\/uploads\/2020\/05\/1.jpg?resize=920%2C323&amp;ssl=1 920w, https:\/\/i0.wp.com\/okpol.pl\/sklep\/wp-content\/uploads\/2020\/05\/1.jpg?w=1119&amp;ssl=1 1119w\" sizes=\"auto, (max-width: 900px) 100vw, 900px\" \/><\/p>\n<p><strong>Markiza AMW dost\u0119pna jest tylko dla okien ISO, IGOV, BGOV wyprodukowanych po 22.03.2019 r.<\/strong><\/p>\n<p>Chroni poddasze przed nadmiernym nas\u0142onecznieniem i nagrzewaniem pomieszcze\u0144. U\u0142atwia kontrol\u0119 temperatury na poddaszu. Mechanizm markizy ukryty jest pod g\u00f3rn\u0105 cz\u0119\u015bci\u0105 ko\u0142nierza uzyskuj\u0105c tym samym dodatkow\u0105 ochron\u0119. Zwini\u0119ta markiza jest od zewn\u0119trznej strony ca\u0142kowicie ukryta.<\/p>\n<p><img data-recalc-dims=\"1\" loading=\"lazy\" decoding=\"async\" class=\"size-medium wp-image-3065 aligncenter\" src=\"https:\/\/i0.wp.com\/okpol.pl\/sklep\/wp-content\/uploads\/2020\/04\/Markiza-%C5%9Bwiat%C5%82o-200x300.jpg?resize=200%2C300\" alt=\"\" width=\"200\" height=\"300\" srcset=\"https:\/\/i0.wp.com\/okpol.pl\/sklep\/wp-content\/uploads\/2020\/04\/Markiza-%C5%9Bwiat%C5%82o.jpg?resize=200%2C300&amp;ssl=1 200w, https:\/\/i0.wp.com\/okpol.pl\/sklep\/wp-content\/uploads\/2020\/04\/Markiza-%C5%9Bwiat%C5%82o.jpg?w=267&amp;ssl=1 267w\" sizes=\"auto, (max-width: 200px) 100vw, 200px\" \/><\/p>\n<p><strong>Markiza zewn\u0119trzna AMW. <\/strong>Mechanizm markizy ukryty jest pod g\u00f3rn\u0105 cz\u0119\u015bci\u0105 oblachowania, wewn\u0105trz konstrukcji okna.\u00a0 Markiza pozwala ograniczy\u0107 ilo\u015b\u0107 \u015bwiat\u0142a wpuszczanego do pomieszczenia, umo\u017cliwia cz\u0119\u015bciowe zaciemnienie pomieszczenia o ka\u017cdej porze dnia.<\/p>\n<p><img data-recalc-dims=\"1\" loading=\"lazy\" decoding=\"async\" class=\"size-medium wp-image-3066 aligncenter\" src=\"https:\/\/i0.wp.com\/okpol.pl\/sklep\/wp-content\/uploads\/2020\/04\/Markiza-amw-otwarte1-200x300.jpg?resize=200%2C300\" alt=\"\" width=\"200\" height=\"300\" srcset=\"https:\/\/i0.wp.com\/okpol.pl\/sklep\/wp-content\/uploads\/2020\/04\/Markiza-amw-otwarte1.jpg?resize=200%2C300&amp;ssl=1 200w, https:\/\/i0.wp.com\/okpol.pl\/sklep\/wp-content\/uploads\/2020\/04\/Markiza-amw-otwarte1.jpg?w=267&amp;ssl=1 267w\" sizes=\"auto, (max-width: 200px) 100vw, 200px\" \/><\/p>\n<p>Markiza wykonana jest z w\u0142\u00f3kna szklanego odpornego na dzia\u0142anie czynnik\u00f3w atmosferycznych. Delikatnie rozprasza \u015bwiat\u0142o wpadaj\u0105ce przez okno, zapewniaj\u0105c wyj\u0105tkowy klimat we wn\u0119trzu.<\/p>\n<p><img data-recalc-dims=\"1\" loading=\"lazy\" decoding=\"async\" class=\"size-medium wp-image-3067 aligncenter\" src=\"https:\/\/i0.wp.com\/okpol.pl\/sklep\/wp-content\/uploads\/2020\/04\/Markiza-materia%C5%82-200x300.jpg?resize=200%2C300\" alt=\"\" width=\"200\" height=\"300\" srcset=\"https:\/\/i0.wp.com\/okpol.pl\/sklep\/wp-content\/uploads\/2020\/04\/Markiza-materia%C5%82.jpg?resize=200%2C300&amp;ssl=1 200w, https:\/\/i0.wp.com\/okpol.pl\/sklep\/wp-content\/uploads\/2020\/04\/Markiza-materia%C5%82.jpg?w=267&amp;ssl=1 267w\" sizes=\"auto, (max-width: 200px) 100vw, 200px\" \/><\/p>\n<p>Czas realizacji zam\u00f3wienia wynosi 14 dni roboczych.<\/p>\n<p><strong>Przy sk\u0142adaniu zam\u00f3wienia niezb\u0119dne jest podanie tre\u015bci tabliczki znamionowej okna.<\/strong><\/p>\n<p><a href=\"https:\/\/okpol.pl\/sklep\/wp-content\/uploads\/2020\/05\/lokalizacja-tabliczki-znamionowej-rotated-e1589799304570.jpg\"><strong>LOKALIZACJA TABLICZKI ZNAMIONOWEJ ( KLIKNIJ )<\/strong><\/a><\/p>\n","protected":false},"excerpt":{"rendered":"<p>Obs\u0142uga manualna.<\/p>\n<p>Tkanina o strukturze siatki odporna na dzia\u0142anie czynnik\u00f3w atmosferycznych, w kolorze czarnym.<\/p>\n<p>Skuteczne zacienienie pomieszczenia.<\/p>\n<p>Redukcja nadmiernego nagrzewania w lecie.<\/p>\n","protected":false},"featured_media":3064,"template":"","meta":[],"pwb-brand":[141],"product_brand":[],"product_cat":[71],"product_tag":[],"class_list":{"0":"post-3048","1":"product","2":"type-product","3":"status-publish","4":"has-post-thumbnail","6":"pwb-brand-okpol","7":"product_cat-zewnetrzne","8":"product_shipping_class-standardowa","10":"first","11":"instock","12":"taxable","13":"shipping-taxable","14":"purchasable","15":"product-type-variable"},"yoast_head":"<!-- This site is optimized with the Yoast SEO plugin v27.4 - https:\/\/yoast.com\/product\/yoast-seo-wordpress\/ -->\n<title>Markiza zewn\u0119trzna AMW (do okien ISO, IGOV, BGOV) - Sklep internetowy OKPOL<\/title>\n<meta name=\"robots\" content=\"index, follow, max-snippet:-1, max-image-preview:large, max-video-preview:-1\" \/>\n<link rel=\"canonical\" href=\"https:\/\/okpol.pl\/sklep\/produkt\/markiza-zewnetrzna-amw\/\" \/>\n<meta property=\"og:locale\" content=\"pl_PL\" \/>\n<meta property=\"og:type\" content=\"article\" \/>\n<meta property=\"og:title\" content=\"Markiza zewn\u0119trzna AMW (do okien ISO, IGOV, BGOV) - Sklep internetowy OKPOL\" \/>\n<meta property=\"og:description\" content=\"Obs\u0142uga manualna.  Tkanina o strukturze siatki odporna na dzia\u0142anie czynnik\u00f3w atmosferycznych, w kolorze czarnym.  Skuteczne zacienienie pomieszczenia.  Redukcja nadmiernego nagrzewania w lecie.\" \/>\n<meta property=\"og:url\" content=\"https:\/\/okpol.pl\/sklep\/produkt\/markiza-zewnetrzna-amw\/\" \/>\n<meta property=\"og:site_name\" content=\"Sklep internetowy OKPOL\" \/>\n<meta property=\"article:publisher\" content=\"https:\/\/www.facebook.com\/oknadachowe\" \/>\n<meta property=\"article:modified_time\" content=\"2025-04-01T09:33:02+00:00\" \/>\n<meta property=\"og:image\" content=\"https:\/\/okpol.pl\/sklep\/wp-content\/uploads\/2020\/04\/AMW-1.jpg\" \/>\n\t<meta property=\"og:image:width\" content=\"560\" \/>\n\t<meta property=\"og:image:height\" content=\"560\" \/>\n\t<meta property=\"og:image:type\" content=\"image\/jpeg\" \/>\n<meta name=\"twitter:card\" content=\"summary_large_image\" \/>\n<meta name=\"twitter:label1\" content=\"Szacowany czas czytania\" \/>\n\t<meta name=\"twitter:data1\" content=\"2 minuty\" \/>\n<script type=\"application\/ld+json\" class=\"yoast-schema-graph\">{\"@context\":\"https:\\\/\\\/schema.org\",\"@graph\":[{\"@type\":\"WebPage\",\"@id\":\"https:\\\/\\\/okpol.pl\\\/sklep\\\/produkt\\\/markiza-zewnetrzna-amw\\\/\",\"url\":\"https:\\\/\\\/okpol.pl\\\/sklep\\\/produkt\\\/markiza-zewnetrzna-amw\\\/\",\"name\":\"Markiza zewn\u0119trzna AMW (do okien ISO, IGOV, BGOV) - Sklep internetowy OKPOL\",\"isPartOf\":{\"@id\":\"https:\\\/\\\/okpol.pl\\\/sklep\\\/#website\"},\"primaryImageOfPage\":{\"@id\":\"https:\\\/\\\/okpol.pl\\\/sklep\\\/produkt\\\/markiza-zewnetrzna-amw\\\/#primaryimage\"},\"image\":{\"@id\":\"https:\\\/\\\/okpol.pl\\\/sklep\\\/produkt\\\/markiza-zewnetrzna-amw\\\/#primaryimage\"},\"thumbnailUrl\":\"https:\\\/\\\/i0.wp.com\\\/okpol.pl\\\/sklep\\\/wp-content\\\/uploads\\\/2020\\\/04\\\/AMW-1.jpg?fit=560%2C560&ssl=1\",\"datePublished\":\"2020-04-15T11:37:24+00:00\",\"dateModified\":\"2025-04-01T09:33:02+00:00\",\"breadcrumb\":{\"@id\":\"https:\\\/\\\/okpol.pl\\\/sklep\\\/produkt\\\/markiza-zewnetrzna-amw\\\/#breadcrumb\"},\"inLanguage\":\"pl-PL\",\"potentialAction\":[{\"@type\":\"ReadAction\",\"target\":[\"https:\\\/\\\/okpol.pl\\\/sklep\\\/produkt\\\/markiza-zewnetrzna-amw\\\/\"]}]},{\"@type\":\"ImageObject\",\"inLanguage\":\"pl-PL\",\"@id\":\"https:\\\/\\\/okpol.pl\\\/sklep\\\/produkt\\\/markiza-zewnetrzna-amw\\\/#primaryimage\",\"url\":\"https:\\\/\\\/i0.wp.com\\\/okpol.pl\\\/sklep\\\/wp-content\\\/uploads\\\/2020\\\/04\\\/AMW-1.jpg?fit=560%2C560&ssl=1\",\"contentUrl\":\"https:\\\/\\\/i0.wp.com\\\/okpol.pl\\\/sklep\\\/wp-content\\\/uploads\\\/2020\\\/04\\\/AMW-1.jpg?fit=560%2C560&ssl=1\",\"width\":560,\"height\":560,\"caption\":\"Markiza zewn\u0119trzna AMW\"},{\"@type\":\"BreadcrumbList\",\"@id\":\"https:\\\/\\\/okpol.pl\\\/sklep\\\/produkt\\\/markiza-zewnetrzna-amw\\\/#breadcrumb\",\"itemListElement\":[{\"@type\":\"ListItem\",\"position\":1,\"name\":\"Strona g\u0142\u00f3wna\",\"item\":\"https:\\\/\\\/okpol.pl\\\/sklep\\\/\"},{\"@type\":\"ListItem\",\"position\":2,\"name\":\"Sklep\",\"item\":\"https:\\\/\\\/okpol.pl\\\/sklep\\\/sklep\\\/\"},{\"@type\":\"ListItem\",\"position\":3,\"name\":\"Markiza zewn\u0119trzna AMW (do okien ISO, IGOV, BGOV)\"}]},{\"@type\":\"WebSite\",\"@id\":\"https:\\\/\\\/okpol.pl\\\/sklep\\\/#website\",\"url\":\"https:\\\/\\\/okpol.pl\\\/sklep\\\/\",\"name\":\"Sklep internetowy OKPOL\",\"description\":\"akcesoria do okien dachowych OKPOL\",\"publisher\":{\"@id\":\"https:\\\/\\\/okpol.pl\\\/sklep\\\/#organization\"},\"potentialAction\":[{\"@type\":\"SearchAction\",\"target\":{\"@type\":\"EntryPoint\",\"urlTemplate\":\"https:\\\/\\\/okpol.pl\\\/sklep\\\/?s={search_term_string}\"},\"query-input\":{\"@type\":\"PropertyValueSpecification\",\"valueRequired\":true,\"valueName\":\"search_term_string\"}}],\"inLanguage\":\"pl-PL\"},{\"@type\":\"Organization\",\"@id\":\"https:\\\/\\\/okpol.pl\\\/sklep\\\/#organization\",\"name\":\"Okpol Sp. z o.o.\",\"url\":\"https:\\\/\\\/okpol.pl\\\/sklep\\\/\",\"logo\":{\"@type\":\"ImageObject\",\"inLanguage\":\"pl-PL\",\"@id\":\"https:\\\/\\\/okpol.pl\\\/sklep\\\/#\\\/schema\\\/logo\\\/image\\\/\",\"url\":\"https:\\\/\\\/i2.wp.com\\\/okpol.pl\\\/sklep\\\/wp-content\\\/uploads\\\/2020\\\/04\\\/Logo-OKPOL-RGB-300x69-1.png?fit=300%2C69&ssl=1\",\"contentUrl\":\"https:\\\/\\\/i2.wp.com\\\/okpol.pl\\\/sklep\\\/wp-content\\\/uploads\\\/2020\\\/04\\\/Logo-OKPOL-RGB-300x69-1.png?fit=300%2C69&ssl=1\",\"width\":300,\"height\":69,\"caption\":\"Okpol Sp. z o.o.\"},\"image\":{\"@id\":\"https:\\\/\\\/okpol.pl\\\/sklep\\\/#\\\/schema\\\/logo\\\/image\\\/\"},\"sameAs\":[\"https:\\\/\\\/www.facebook.com\\\/oknadachowe\",\"https:\\\/\\\/www.youtube.com\\\/channel\\\/UCtjVf14K2LNf29alqYglOIA\"]}]}<\/script>\n<!-- \/ Yoast SEO plugin. -->","yoast_head_json":{"title":"Markiza zewn\u0119trzna AMW (do okien ISO, IGOV, BGOV) - Sklep internetowy OKPOL","robots":{"index":"index","follow":"follow","max-snippet":"max-snippet:-1","max-image-preview":"max-image-preview:large","max-video-preview":"max-video-preview:-1"},"canonical":"https:\/\/okpol.pl\/sklep\/produkt\/markiza-zewnetrzna-amw\/","og_locale":"pl_PL","og_type":"article","og_title":"Markiza zewn\u0119trzna AMW (do okien ISO, IGOV, BGOV) - Sklep internetowy OKPOL","og_description":"Obs\u0142uga manualna.  Tkanina o strukturze siatki odporna na dzia\u0142anie czynnik\u00f3w atmosferycznych, w kolorze czarnym.  Skuteczne zacienienie pomieszczenia.  Redukcja nadmiernego nagrzewania w lecie.","og_url":"https:\/\/okpol.pl\/sklep\/produkt\/markiza-zewnetrzna-amw\/","og_site_name":"Sklep internetowy OKPOL","article_publisher":"https:\/\/www.facebook.com\/oknadachowe","article_modified_time":"2025-04-01T09:33:02+00:00","og_image":[{"width":560,"height":560,"url":"https:\/\/okpol.pl\/sklep\/wp-content\/uploads\/2020\/04\/AMW-1.jpg","type":"image\/jpeg"}],"twitter_card":"summary_large_image","twitter_misc":{"Szacowany czas czytania":"2 minuty"},"schema":{"@context":"https:\/\/schema.org","@graph":[{"@type":"WebPage","@id":"https:\/\/okpol.pl\/sklep\/produkt\/markiza-zewnetrzna-amw\/","url":"https:\/\/okpol.pl\/sklep\/produkt\/markiza-zewnetrzna-amw\/","name":"Markiza zewn\u0119trzna AMW (do okien ISO, IGOV, BGOV) - Sklep internetowy OKPOL","isPartOf":{"@id":"https:\/\/okpol.pl\/sklep\/#website"},"primaryImageOfPage":{"@id":"https:\/\/okpol.pl\/sklep\/produkt\/markiza-zewnetrzna-amw\/#primaryimage"},"image":{"@id":"https:\/\/okpol.pl\/sklep\/produkt\/markiza-zewnetrzna-amw\/#primaryimage"},"thumbnailUrl":"https:\/\/i0.wp.com\/okpol.pl\/sklep\/wp-content\/uploads\/2020\/04\/AMW-1.jpg?fit=560%2C560&ssl=1","datePublished":"2020-04-15T11:37:24+00:00","dateModified":"2025-04-01T09:33:02+00:00","breadcrumb":{"@id":"https:\/\/okpol.pl\/sklep\/produkt\/markiza-zewnetrzna-amw\/#breadcrumb"},"inLanguage":"pl-PL","potentialAction":[{"@type":"ReadAction","target":["https:\/\/okpol.pl\/sklep\/produkt\/markiza-zewnetrzna-amw\/"]}]},{"@type":"ImageObject","inLanguage":"pl-PL","@id":"https:\/\/okpol.pl\/sklep\/produkt\/markiza-zewnetrzna-amw\/#primaryimage","url":"https:\/\/i0.wp.com\/okpol.pl\/sklep\/wp-content\/uploads\/2020\/04\/AMW-1.jpg?fit=560%2C560&ssl=1","contentUrl":"https:\/\/i0.wp.com\/okpol.pl\/sklep\/wp-content\/uploads\/2020\/04\/AMW-1.jpg?fit=560%2C560&ssl=1","width":560,"height":560,"caption":"Markiza zewn\u0119trzna AMW"},{"@type":"BreadcrumbList","@id":"https:\/\/okpol.pl\/sklep\/produkt\/markiza-zewnetrzna-amw\/#breadcrumb","itemListElement":[{"@type":"ListItem","position":1,"name":"Strona g\u0142\u00f3wna","item":"https:\/\/okpol.pl\/sklep\/"},{"@type":"ListItem","position":2,"name":"Sklep","item":"https:\/\/okpol.pl\/sklep\/sklep\/"},{"@type":"ListItem","position":3,"name":"Markiza zewn\u0119trzna AMW (do okien ISO, IGOV, BGOV)"}]},{"@type":"WebSite","@id":"https:\/\/okpol.pl\/sklep\/#website","url":"https:\/\/okpol.pl\/sklep\/","name":"Sklep internetowy OKPOL","description":"akcesoria do okien dachowych OKPOL","publisher":{"@id":"https:\/\/okpol.pl\/sklep\/#organization"},"potentialAction":[{"@type":"SearchAction","target":{"@type":"EntryPoint","urlTemplate":"https:\/\/okpol.pl\/sklep\/?s={search_term_string}"},"query-input":{"@type":"PropertyValueSpecification","valueRequired":true,"valueName":"search_term_string"}}],"inLanguage":"pl-PL"},{"@type":"Organization","@id":"https:\/\/okpol.pl\/sklep\/#organization","name":"Okpol Sp. z o.o.","url":"https:\/\/okpol.pl\/sklep\/","logo":{"@type":"ImageObject","inLanguage":"pl-PL","@id":"https:\/\/okpol.pl\/sklep\/#\/schema\/logo\/image\/","url":"https:\/\/i2.wp.com\/okpol.pl\/sklep\/wp-content\/uploads\/2020\/04\/Logo-OKPOL-RGB-300x69-1.png?fit=300%2C69&ssl=1","contentUrl":"https:\/\/i2.wp.com\/okpol.pl\/sklep\/wp-content\/uploads\/2020\/04\/Logo-OKPOL-RGB-300x69-1.png?fit=300%2C69&ssl=1","width":300,"height":69,"caption":"Okpol Sp. z o.o."},"image":{"@id":"https:\/\/okpol.pl\/sklep\/#\/schema\/logo\/image\/"},"sameAs":["https:\/\/www.facebook.com\/oknadachowe","https:\/\/www.youtube.com\/channel\/UCtjVf14K2LNf29alqYglOIA"]}]}},"jetpack_sharing_enabled":true,"brands":[{"id":141,"name":"PRODUCENT OKPOL SP. Z O.O.","slug":"okpol"}],"_links":{"self":[{"href":"https:\/\/okpol.pl\/sklep\/wp-json\/wp\/v2\/product\/3048","targetHints":{"allow":["GET"]}}],"collection":[{"href":"https:\/\/okpol.pl\/sklep\/wp-json\/wp\/v2\/product"}],"about":[{"href":"https:\/\/okpol.pl\/sklep\/wp-json\/wp\/v2\/types\/product"}],"wp:featuredmedia":[{"embeddable":true,"href":"https:\/\/okpol.pl\/sklep\/wp-json\/wp\/v2\/media\/3064"}],"wp:attachment":[{"href":"https:\/\/okpol.pl\/sklep\/wp-json\/wp\/v2\/media?parent=3048"}],"wp:term":[{"taxonomy":"pwb-brand","embeddable":true,"href":"https:\/\/okpol.pl\/sklep\/wp-json\/wp\/v2\/pwb-brand?post=3048"},{"taxonomy":"product_brand","embeddable":true,"href":"https:\/\/okpol.pl\/sklep\/wp-json\/wp\/v2\/product_brand?post=3048"},{"taxonomy":"product_cat","embeddable":true,"href":"https:\/\/okpol.pl\/sklep\/wp-json\/wp\/v2\/product_cat?post=3048"},{"taxonomy":"product_tag","embeddable":true,"href":"https:\/\/okpol.pl\/sklep\/wp-json\/wp\/v2\/product_tag?post=3048"}],"curies":[{"name":"wp","href":"https:\/\/api.w.org\/{rel}","templated":true}]}}