{"id":3120,"date":"2020-04-23T12:41:13","date_gmt":"2020-04-23T10:41:13","guid":{"rendered":"http:\/\/okpol.pl\/sklep\/?post_type=product&#038;p=3120"},"modified":"2025-04-01T12:34:34","modified_gmt":"2025-04-01T10:34:34","slug":"drazek-teleskopowy-ado","status":"publish","type":"product","link":"https:\/\/okpol.pl\/sklep\/produkt\/drazek-teleskopowy-ado\/","title":{"rendered":"Dr\u0105\u017cek teleskopowy ADO"},"content":{"rendered":"<p>Czas realizacji zam\u00f3wienia wynosi 3-5 dni roboczych.<\/p>\n","protected":false},"excerpt":{"rendered":"<p>Dr\u0105\u017cek\u00a0 o d\u0142ugo\u015bci\u00a0 195cm u\u0142atwia obs\u0142ug\u0119 okien zamontowanych wysoko.<\/p>\n","protected":false},"featured_media":3121,"template":"","meta":[],"pwb-brand":[141],"product_brand":[],"product_cat":[90],"product_tag":[],"class_list":{"0":"post-3120","1":"product","2":"type-product","3":"status-publish","4":"has-post-thumbnail","6":"pwb-brand-okpol","7":"product_cat-akcesoria-montazowe-uzytkowe","8":"product_shipping_class-standardowa","10":"first","11":"instock","12":"taxable","13":"shipping-taxable","14":"purchasable","15":"product-type-simple"},"yoast_head":"<!-- This site is optimized with the Yoast SEO plugin v27.4 - https:\/\/yoast.com\/product\/yoast-seo-wordpress\/ -->\n<title>Dr\u0105\u017cek teleskopowy ADO - Sklep internetowy OKPOL<\/title>\n<meta name=\"robots\" content=\"index, follow, max-snippet:-1, max-image-preview:large, max-video-preview:-1\" \/>\n<link rel=\"canonical\" href=\"https:\/\/okpol.pl\/sklep\/produkt\/drazek-teleskopowy-ado\/\" \/>\n<meta property=\"og:locale\" content=\"pl_PL\" \/>\n<meta property=\"og:type\" content=\"article\" \/>\n<meta property=\"og:title\" content=\"Dr\u0105\u017cek teleskopowy ADO - Sklep internetowy OKPOL\" \/>\n<meta property=\"og:description\" content=\"Dr\u0105\u017cek\u00a0 o d\u0142ugo\u015bci\u00a0 195cm u\u0142atwia obs\u0142ug\u0119 okien zamontowanych wysoko.\" \/>\n<meta property=\"og:url\" content=\"https:\/\/okpol.pl\/sklep\/produkt\/drazek-teleskopowy-ado\/\" \/>\n<meta property=\"og:site_name\" content=\"Sklep internetowy OKPOL\" \/>\n<meta property=\"article:publisher\" content=\"https:\/\/www.facebook.com\/oknadachowe\" \/>\n<meta property=\"article:modified_time\" content=\"2025-04-01T10:34:34+00:00\" \/>\n<meta property=\"og:image\" content=\"https:\/\/okpol.pl\/sklep\/wp-content\/uploads\/2020\/04\/wygodne-uzytkowanie-okien-dachowych.jpg\" \/>\n\t<meta property=\"og:image:width\" content=\"1920\" \/>\n\t<meta property=\"og:image:height\" content=\"1079\" \/>\n\t<meta property=\"og:image:type\" content=\"image\/jpeg\" \/>\n<meta name=\"twitter:card\" content=\"summary_large_image\" \/>\n<meta name=\"twitter:label1\" content=\"Szacowany czas czytania\" \/>\n\t<meta name=\"twitter:data1\" content=\"1 minuta\" \/>\n<script type=\"application\/ld+json\" class=\"yoast-schema-graph\">{\"@context\":\"https:\\\/\\\/schema.org\",\"@graph\":[{\"@type\":\"WebPage\",\"@id\":\"https:\\\/\\\/okpol.pl\\\/sklep\\\/produkt\\\/drazek-teleskopowy-ado\\\/\",\"url\":\"https:\\\/\\\/okpol.pl\\\/sklep\\\/produkt\\\/drazek-teleskopowy-ado\\\/\",\"name\":\"Dr\u0105\u017cek teleskopowy ADO - Sklep internetowy OKPOL\",\"isPartOf\":{\"@id\":\"https:\\\/\\\/okpol.pl\\\/sklep\\\/#website\"},\"primaryImageOfPage\":{\"@id\":\"https:\\\/\\\/okpol.pl\\\/sklep\\\/produkt\\\/drazek-teleskopowy-ado\\\/#primaryimage\"},\"image\":{\"@id\":\"https:\\\/\\\/okpol.pl\\\/sklep\\\/produkt\\\/drazek-teleskopowy-ado\\\/#primaryimage\"},\"thumbnailUrl\":\"https:\\\/\\\/i0.wp.com\\\/okpol.pl\\\/sklep\\\/wp-content\\\/uploads\\\/2020\\\/04\\\/wygodne-uzytkowanie-okien-dachowych.jpg?fit=1920%2C1079&ssl=1\",\"datePublished\":\"2020-04-23T10:41:13+00:00\",\"dateModified\":\"2025-04-01T10:34:34+00:00\",\"breadcrumb\":{\"@id\":\"https:\\\/\\\/okpol.pl\\\/sklep\\\/produkt\\\/drazek-teleskopowy-ado\\\/#breadcrumb\"},\"inLanguage\":\"pl-PL\",\"potentialAction\":[{\"@type\":\"ReadAction\",\"target\":[\"https:\\\/\\\/okpol.pl\\\/sklep\\\/produkt\\\/drazek-teleskopowy-ado\\\/\"]}]},{\"@type\":\"ImageObject\",\"inLanguage\":\"pl-PL\",\"@id\":\"https:\\\/\\\/okpol.pl\\\/sklep\\\/produkt\\\/drazek-teleskopowy-ado\\\/#primaryimage\",\"url\":\"https:\\\/\\\/i0.wp.com\\\/okpol.pl\\\/sklep\\\/wp-content\\\/uploads\\\/2020\\\/04\\\/wygodne-uzytkowanie-okien-dachowych.jpg?fit=1920%2C1079&ssl=1\",\"contentUrl\":\"https:\\\/\\\/i0.wp.com\\\/okpol.pl\\\/sklep\\\/wp-content\\\/uploads\\\/2020\\\/04\\\/wygodne-uzytkowanie-okien-dachowych.jpg?fit=1920%2C1079&ssl=1\",\"width\":1920,\"height\":1079,\"caption\":\"Dr\u0105\u017cek teleskopowy do okien OKPOL\"},{\"@type\":\"BreadcrumbList\",\"@id\":\"https:\\\/\\\/okpol.pl\\\/sklep\\\/produkt\\\/drazek-teleskopowy-ado\\\/#breadcrumb\",\"itemListElement\":[{\"@type\":\"ListItem\",\"position\":1,\"name\":\"Strona g\u0142\u00f3wna\",\"item\":\"https:\\\/\\\/okpol.pl\\\/sklep\\\/\"},{\"@type\":\"ListItem\",\"position\":2,\"name\":\"Sklep\",\"item\":\"https:\\\/\\\/okpol.pl\\\/sklep\\\/sklep\\\/\"},{\"@type\":\"ListItem\",\"position\":3,\"name\":\"Dr\u0105\u017cek teleskopowy ADO\"}]},{\"@type\":\"WebSite\",\"@id\":\"https:\\\/\\\/okpol.pl\\\/sklep\\\/#website\",\"url\":\"https:\\\/\\\/okpol.pl\\\/sklep\\\/\",\"name\":\"Sklep internetowy OKPOL\",\"description\":\"akcesoria do okien dachowych OKPOL\",\"publisher\":{\"@id\":\"https:\\\/\\\/okpol.pl\\\/sklep\\\/#organization\"},\"potentialAction\":[{\"@type\":\"SearchAction\",\"target\":{\"@type\":\"EntryPoint\",\"urlTemplate\":\"https:\\\/\\\/okpol.pl\\\/sklep\\\/?s={search_term_string}\"},\"query-input\":{\"@type\":\"PropertyValueSpecification\",\"valueRequired\":true,\"valueName\":\"search_term_string\"}}],\"inLanguage\":\"pl-PL\"},{\"@type\":\"Organization\",\"@id\":\"https:\\\/\\\/okpol.pl\\\/sklep\\\/#organization\",\"name\":\"Okpol Sp. z o.o.\",\"url\":\"https:\\\/\\\/okpol.pl\\\/sklep\\\/\",\"logo\":{\"@type\":\"ImageObject\",\"inLanguage\":\"pl-PL\",\"@id\":\"https:\\\/\\\/okpol.pl\\\/sklep\\\/#\\\/schema\\\/logo\\\/image\\\/\",\"url\":\"https:\\\/\\\/i2.wp.com\\\/okpol.pl\\\/sklep\\\/wp-content\\\/uploads\\\/2020\\\/04\\\/Logo-OKPOL-RGB-300x69-1.png?fit=300%2C69&ssl=1\",\"contentUrl\":\"https:\\\/\\\/i2.wp.com\\\/okpol.pl\\\/sklep\\\/wp-content\\\/uploads\\\/2020\\\/04\\\/Logo-OKPOL-RGB-300x69-1.png?fit=300%2C69&ssl=1\",\"width\":300,\"height\":69,\"caption\":\"Okpol Sp. z o.o.\"},\"image\":{\"@id\":\"https:\\\/\\\/okpol.pl\\\/sklep\\\/#\\\/schema\\\/logo\\\/image\\\/\"},\"sameAs\":[\"https:\\\/\\\/www.facebook.com\\\/oknadachowe\",\"https:\\\/\\\/www.youtube.com\\\/channel\\\/UCtjVf14K2LNf29alqYglOIA\"]}]}<\/script>\n<!-- \/ Yoast SEO plugin. -->","yoast_head_json":{"title":"Dr\u0105\u017cek teleskopowy ADO - Sklep internetowy OKPOL","robots":{"index":"index","follow":"follow","max-snippet":"max-snippet:-1","max-image-preview":"max-image-preview:large","max-video-preview":"max-video-preview:-1"},"canonical":"https:\/\/okpol.pl\/sklep\/produkt\/drazek-teleskopowy-ado\/","og_locale":"pl_PL","og_type":"article","og_title":"Dr\u0105\u017cek teleskopowy ADO - Sklep internetowy OKPOL","og_description":"Dr\u0105\u017cek\u00a0 o d\u0142ugo\u015bci\u00a0 195cm u\u0142atwia obs\u0142ug\u0119 okien zamontowanych wysoko.","og_url":"https:\/\/okpol.pl\/sklep\/produkt\/drazek-teleskopowy-ado\/","og_site_name":"Sklep internetowy OKPOL","article_publisher":"https:\/\/www.facebook.com\/oknadachowe","article_modified_time":"2025-04-01T10:34:34+00:00","og_image":[{"width":1920,"height":1079,"url":"https:\/\/okpol.pl\/sklep\/wp-content\/uploads\/2020\/04\/wygodne-uzytkowanie-okien-dachowych.jpg","type":"image\/jpeg"}],"twitter_card":"summary_large_image","twitter_misc":{"Szacowany czas czytania":"1 minuta"},"schema":{"@context":"https:\/\/schema.org","@graph":[{"@type":"WebPage","@id":"https:\/\/okpol.pl\/sklep\/produkt\/drazek-teleskopowy-ado\/","url":"https:\/\/okpol.pl\/sklep\/produkt\/drazek-teleskopowy-ado\/","name":"Dr\u0105\u017cek teleskopowy ADO - Sklep internetowy OKPOL","isPartOf":{"@id":"https:\/\/okpol.pl\/sklep\/#website"},"primaryImageOfPage":{"@id":"https:\/\/okpol.pl\/sklep\/produkt\/drazek-teleskopowy-ado\/#primaryimage"},"image":{"@id":"https:\/\/okpol.pl\/sklep\/produkt\/drazek-teleskopowy-ado\/#primaryimage"},"thumbnailUrl":"https:\/\/i0.wp.com\/okpol.pl\/sklep\/wp-content\/uploads\/2020\/04\/wygodne-uzytkowanie-okien-dachowych.jpg?fit=1920%2C1079&ssl=1","datePublished":"2020-04-23T10:41:13+00:00","dateModified":"2025-04-01T10:34:34+00:00","breadcrumb":{"@id":"https:\/\/okpol.pl\/sklep\/produkt\/drazek-teleskopowy-ado\/#breadcrumb"},"inLanguage":"pl-PL","potentialAction":[{"@type":"ReadAction","target":["https:\/\/okpol.pl\/sklep\/produkt\/drazek-teleskopowy-ado\/"]}]},{"@type":"ImageObject","inLanguage":"pl-PL","@id":"https:\/\/okpol.pl\/sklep\/produkt\/drazek-teleskopowy-ado\/#primaryimage","url":"https:\/\/i0.wp.com\/okpol.pl\/sklep\/wp-content\/uploads\/2020\/04\/wygodne-uzytkowanie-okien-dachowych.jpg?fit=1920%2C1079&ssl=1","contentUrl":"https:\/\/i0.wp.com\/okpol.pl\/sklep\/wp-content\/uploads\/2020\/04\/wygodne-uzytkowanie-okien-dachowych.jpg?fit=1920%2C1079&ssl=1","width":1920,"height":1079,"caption":"Dr\u0105\u017cek teleskopowy do okien OKPOL"},{"@type":"BreadcrumbList","@id":"https:\/\/okpol.pl\/sklep\/produkt\/drazek-teleskopowy-ado\/#breadcrumb","itemListElement":[{"@type":"ListItem","position":1,"name":"Strona g\u0142\u00f3wna","item":"https:\/\/okpol.pl\/sklep\/"},{"@type":"ListItem","position":2,"name":"Sklep","item":"https:\/\/okpol.pl\/sklep\/sklep\/"},{"@type":"ListItem","position":3,"name":"Dr\u0105\u017cek teleskopowy ADO"}]},{"@type":"WebSite","@id":"https:\/\/okpol.pl\/sklep\/#website","url":"https:\/\/okpol.pl\/sklep\/","name":"Sklep internetowy OKPOL","description":"akcesoria do okien dachowych OKPOL","publisher":{"@id":"https:\/\/okpol.pl\/sklep\/#organization"},"potentialAction":[{"@type":"SearchAction","target":{"@type":"EntryPoint","urlTemplate":"https:\/\/okpol.pl\/sklep\/?s={search_term_string}"},"query-input":{"@type":"PropertyValueSpecification","valueRequired":true,"valueName":"search_term_string"}}],"inLanguage":"pl-PL"},{"@type":"Organization","@id":"https:\/\/okpol.pl\/sklep\/#organization","name":"Okpol Sp. z o.o.","url":"https:\/\/okpol.pl\/sklep\/","logo":{"@type":"ImageObject","inLanguage":"pl-PL","@id":"https:\/\/okpol.pl\/sklep\/#\/schema\/logo\/image\/","url":"https:\/\/i2.wp.com\/okpol.pl\/sklep\/wp-content\/uploads\/2020\/04\/Logo-OKPOL-RGB-300x69-1.png?fit=300%2C69&ssl=1","contentUrl":"https:\/\/i2.wp.com\/okpol.pl\/sklep\/wp-content\/uploads\/2020\/04\/Logo-OKPOL-RGB-300x69-1.png?fit=300%2C69&ssl=1","width":300,"height":69,"caption":"Okpol Sp. z o.o."},"image":{"@id":"https:\/\/okpol.pl\/sklep\/#\/schema\/logo\/image\/"},"sameAs":["https:\/\/www.facebook.com\/oknadachowe","https:\/\/www.youtube.com\/channel\/UCtjVf14K2LNf29alqYglOIA"]}]}},"jetpack_sharing_enabled":true,"brands":[{"id":141,"name":"PRODUCENT OKPOL SP. Z O.O.","slug":"okpol"}],"_links":{"self":[{"href":"https:\/\/okpol.pl\/sklep\/wp-json\/wp\/v2\/product\/3120","targetHints":{"allow":["GET"]}}],"collection":[{"href":"https:\/\/okpol.pl\/sklep\/wp-json\/wp\/v2\/product"}],"about":[{"href":"https:\/\/okpol.pl\/sklep\/wp-json\/wp\/v2\/types\/product"}],"wp:featuredmedia":[{"embeddable":true,"href":"https:\/\/okpol.pl\/sklep\/wp-json\/wp\/v2\/media\/3121"}],"wp:attachment":[{"href":"https:\/\/okpol.pl\/sklep\/wp-json\/wp\/v2\/media?parent=3120"}],"wp:term":[{"taxonomy":"pwb-brand","embeddable":true,"href":"https:\/\/okpol.pl\/sklep\/wp-json\/wp\/v2\/pwb-brand?post=3120"},{"taxonomy":"product_brand","embeddable":true,"href":"https:\/\/okpol.pl\/sklep\/wp-json\/wp\/v2\/product_brand?post=3120"},{"taxonomy":"product_cat","embeddable":true,"href":"https:\/\/okpol.pl\/sklep\/wp-json\/wp\/v2\/product_cat?post=3120"},{"taxonomy":"product_tag","embeddable":true,"href":"https:\/\/okpol.pl\/sklep\/wp-json\/wp\/v2\/product_tag?post=3120"}],"curies":[{"name":"wp","href":"https:\/\/api.w.org\/{rel}","templated":true}]}}