{"id":3759,"date":"2020-05-07T09:22:14","date_gmt":"2020-05-07T07:22:14","guid":{"rendered":"http:\/\/okpol.pl\/sklep\/?post_type=product&#038;p=3759"},"modified":"2025-04-01T12:28:05","modified_gmt":"2025-04-01T10:28:05","slug":"kolnierz-paroprzepuszczalny-akp","status":"publish","type":"product","link":"https:\/\/okpol.pl\/sklep\/produkt\/kolnierz-paroprzepuszczalny-akp\/","title":{"rendered":"Ko\u0142nierz paroprzepuszczalny AKP"},"content":{"rendered":"<p>Charakterystyka:<\/p>\n<p>&#8211; folia o grubo\u015bci 0,7 mm<\/p>\n<p>&#8211; gramatura 150g\/mt<\/p>\n<p>&#8211; odporno\u015b\u0107 na ogie\u0144 &#8211; klasa E<\/p>\n<p>&#8211; gi\u0119tko\u015b\u0107 w niskiej temperaturze -40 stopni Celsjusza<\/p>\n<p>&#8211; wsp\u00f3\u0142czynnik Sd 0,02 m<\/p>\n","protected":false},"excerpt":{"rendered":"<p>&#8217;- wykonany z wysokoprzepuszczalnej membrany dachowej<\/p>\n<p>&#8211; umo\u017cliwia prawid\u0142owe po\u0142\u0105czenie okna z foli\u0105 paroprzepuszczaln\u0105<\/p>\n<p>&nbsp;<\/p>\n","protected":false},"featured_media":3774,"template":"","meta":[],"pwb-brand":[141],"product_brand":[],"product_cat":[90],"product_tag":[],"class_list":{"0":"post-3759","1":"product","2":"type-product","3":"status-publish","4":"has-post-thumbnail","6":"pwb-brand-okpol","7":"product_cat-akcesoria-montazowe-uzytkowe","8":"product_shipping_class-standardowa","10":"first","11":"instock","12":"taxable","13":"shipping-taxable","14":"purchasable","15":"product-type-variable"},"yoast_head":"<!-- This site is optimized with the Yoast SEO plugin v27.4 - https:\/\/yoast.com\/product\/yoast-seo-wordpress\/ -->\n<title>Ko\u0142nierz paroprzepuszczalny AKP - Sklep internetowy OKPOL<\/title>\n<meta name=\"robots\" content=\"index, follow, max-snippet:-1, max-image-preview:large, max-video-preview:-1\" \/>\n<link rel=\"canonical\" href=\"https:\/\/okpol.pl\/sklep\/produkt\/kolnierz-paroprzepuszczalny-akp\/\" \/>\n<meta property=\"og:locale\" content=\"pl_PL\" \/>\n<meta property=\"og:type\" content=\"article\" \/>\n<meta property=\"og:title\" content=\"Ko\u0142nierz paroprzepuszczalny AKP - Sklep internetowy OKPOL\" \/>\n<meta property=\"og:description\" content=\"&#039;- wykonany z wysokoprzepuszczalnej membrany dachowej  - umo\u017cliwia prawid\u0142owe po\u0142\u0105czenie okna z foli\u0105 paroprzepuszczaln\u0105  &nbsp;\" \/>\n<meta property=\"og:url\" content=\"https:\/\/okpol.pl\/sklep\/produkt\/kolnierz-paroprzepuszczalny-akp\/\" \/>\n<meta property=\"og:site_name\" content=\"Sklep internetowy OKPOL\" \/>\n<meta property=\"article:publisher\" content=\"https:\/\/www.facebook.com\/oknadachowe\" \/>\n<meta property=\"article:modified_time\" content=\"2025-04-01T10:28:05+00:00\" \/>\n<meta property=\"og:image\" content=\"https:\/\/okpol.pl\/sklep\/wp-content\/uploads\/2020\/05\/ko\u0142nierz-paroprzepuszczalny-AKP-OKPOL.jpg\" \/>\n\t<meta property=\"og:image:width\" content=\"1139\" \/>\n\t<meta property=\"og:image:height\" content=\"1368\" \/>\n\t<meta property=\"og:image:type\" content=\"image\/jpeg\" \/>\n<meta name=\"twitter:card\" content=\"summary_large_image\" \/>\n<meta name=\"twitter:label1\" content=\"Szacowany czas czytania\" \/>\n\t<meta name=\"twitter:data1\" content=\"1 minuta\" \/>\n<script type=\"application\/ld+json\" class=\"yoast-schema-graph\">{\"@context\":\"https:\\\/\\\/schema.org\",\"@graph\":[{\"@type\":\"WebPage\",\"@id\":\"https:\\\/\\\/okpol.pl\\\/sklep\\\/produkt\\\/kolnierz-paroprzepuszczalny-akp\\\/\",\"url\":\"https:\\\/\\\/okpol.pl\\\/sklep\\\/produkt\\\/kolnierz-paroprzepuszczalny-akp\\\/\",\"name\":\"Ko\u0142nierz paroprzepuszczalny AKP - Sklep internetowy OKPOL\",\"isPartOf\":{\"@id\":\"https:\\\/\\\/okpol.pl\\\/sklep\\\/#website\"},\"primaryImageOfPage\":{\"@id\":\"https:\\\/\\\/okpol.pl\\\/sklep\\\/produkt\\\/kolnierz-paroprzepuszczalny-akp\\\/#primaryimage\"},\"image\":{\"@id\":\"https:\\\/\\\/okpol.pl\\\/sklep\\\/produkt\\\/kolnierz-paroprzepuszczalny-akp\\\/#primaryimage\"},\"thumbnailUrl\":\"https:\\\/\\\/i0.wp.com\\\/okpol.pl\\\/sklep\\\/wp-content\\\/uploads\\\/2020\\\/05\\\/ko%C5%82nierz-paroprzepuszczalny-AKP-OKPOL.jpg?fit=1139%2C1368&ssl=1\",\"datePublished\":\"2020-05-07T07:22:14+00:00\",\"dateModified\":\"2025-04-01T10:28:05+00:00\",\"breadcrumb\":{\"@id\":\"https:\\\/\\\/okpol.pl\\\/sklep\\\/produkt\\\/kolnierz-paroprzepuszczalny-akp\\\/#breadcrumb\"},\"inLanguage\":\"pl-PL\",\"potentialAction\":[{\"@type\":\"ReadAction\",\"target\":[\"https:\\\/\\\/okpol.pl\\\/sklep\\\/produkt\\\/kolnierz-paroprzepuszczalny-akp\\\/\"]}]},{\"@type\":\"ImageObject\",\"inLanguage\":\"pl-PL\",\"@id\":\"https:\\\/\\\/okpol.pl\\\/sklep\\\/produkt\\\/kolnierz-paroprzepuszczalny-akp\\\/#primaryimage\",\"url\":\"https:\\\/\\\/i0.wp.com\\\/okpol.pl\\\/sklep\\\/wp-content\\\/uploads\\\/2020\\\/05\\\/ko%C5%82nierz-paroprzepuszczalny-AKP-OKPOL.jpg?fit=1139%2C1368&ssl=1\",\"contentUrl\":\"https:\\\/\\\/i0.wp.com\\\/okpol.pl\\\/sklep\\\/wp-content\\\/uploads\\\/2020\\\/05\\\/ko%C5%82nierz-paroprzepuszczalny-AKP-OKPOL.jpg?fit=1139%2C1368&ssl=1\",\"width\":1139,\"height\":1368,\"caption\":\"ko\u0142nierz paroprzepuszczalny AKP OKPOL\"},{\"@type\":\"BreadcrumbList\",\"@id\":\"https:\\\/\\\/okpol.pl\\\/sklep\\\/produkt\\\/kolnierz-paroprzepuszczalny-akp\\\/#breadcrumb\",\"itemListElement\":[{\"@type\":\"ListItem\",\"position\":1,\"name\":\"Strona g\u0142\u00f3wna\",\"item\":\"https:\\\/\\\/okpol.pl\\\/sklep\\\/\"},{\"@type\":\"ListItem\",\"position\":2,\"name\":\"Sklep\",\"item\":\"https:\\\/\\\/okpol.pl\\\/sklep\\\/sklep\\\/\"},{\"@type\":\"ListItem\",\"position\":3,\"name\":\"Ko\u0142nierz paroprzepuszczalny AKP\"}]},{\"@type\":\"WebSite\",\"@id\":\"https:\\\/\\\/okpol.pl\\\/sklep\\\/#website\",\"url\":\"https:\\\/\\\/okpol.pl\\\/sklep\\\/\",\"name\":\"Sklep internetowy OKPOL\",\"description\":\"akcesoria do okien dachowych OKPOL\",\"publisher\":{\"@id\":\"https:\\\/\\\/okpol.pl\\\/sklep\\\/#organization\"},\"potentialAction\":[{\"@type\":\"SearchAction\",\"target\":{\"@type\":\"EntryPoint\",\"urlTemplate\":\"https:\\\/\\\/okpol.pl\\\/sklep\\\/?s={search_term_string}\"},\"query-input\":{\"@type\":\"PropertyValueSpecification\",\"valueRequired\":true,\"valueName\":\"search_term_string\"}}],\"inLanguage\":\"pl-PL\"},{\"@type\":\"Organization\",\"@id\":\"https:\\\/\\\/okpol.pl\\\/sklep\\\/#organization\",\"name\":\"Okpol Sp. z o.o.\",\"url\":\"https:\\\/\\\/okpol.pl\\\/sklep\\\/\",\"logo\":{\"@type\":\"ImageObject\",\"inLanguage\":\"pl-PL\",\"@id\":\"https:\\\/\\\/okpol.pl\\\/sklep\\\/#\\\/schema\\\/logo\\\/image\\\/\",\"url\":\"https:\\\/\\\/i2.wp.com\\\/okpol.pl\\\/sklep\\\/wp-content\\\/uploads\\\/2020\\\/04\\\/Logo-OKPOL-RGB-300x69-1.png?fit=300%2C69&ssl=1\",\"contentUrl\":\"https:\\\/\\\/i2.wp.com\\\/okpol.pl\\\/sklep\\\/wp-content\\\/uploads\\\/2020\\\/04\\\/Logo-OKPOL-RGB-300x69-1.png?fit=300%2C69&ssl=1\",\"width\":300,\"height\":69,\"caption\":\"Okpol Sp. z o.o.\"},\"image\":{\"@id\":\"https:\\\/\\\/okpol.pl\\\/sklep\\\/#\\\/schema\\\/logo\\\/image\\\/\"},\"sameAs\":[\"https:\\\/\\\/www.facebook.com\\\/oknadachowe\",\"https:\\\/\\\/www.youtube.com\\\/channel\\\/UCtjVf14K2LNf29alqYglOIA\"]}]}<\/script>\n<!-- \/ Yoast SEO plugin. -->","yoast_head_json":{"title":"Ko\u0142nierz paroprzepuszczalny AKP - Sklep internetowy OKPOL","robots":{"index":"index","follow":"follow","max-snippet":"max-snippet:-1","max-image-preview":"max-image-preview:large","max-video-preview":"max-video-preview:-1"},"canonical":"https:\/\/okpol.pl\/sklep\/produkt\/kolnierz-paroprzepuszczalny-akp\/","og_locale":"pl_PL","og_type":"article","og_title":"Ko\u0142nierz paroprzepuszczalny AKP - Sklep internetowy OKPOL","og_description":"'- wykonany z wysokoprzepuszczalnej membrany dachowej  - umo\u017cliwia prawid\u0142owe po\u0142\u0105czenie okna z foli\u0105 paroprzepuszczaln\u0105  &nbsp;","og_url":"https:\/\/okpol.pl\/sklep\/produkt\/kolnierz-paroprzepuszczalny-akp\/","og_site_name":"Sklep internetowy OKPOL","article_publisher":"https:\/\/www.facebook.com\/oknadachowe","article_modified_time":"2025-04-01T10:28:05+00:00","og_image":[{"width":1139,"height":1368,"url":"https:\/\/okpol.pl\/sklep\/wp-content\/uploads\/2020\/05\/ko\u0142nierz-paroprzepuszczalny-AKP-OKPOL.jpg","type":"image\/jpeg"}],"twitter_card":"summary_large_image","twitter_misc":{"Szacowany czas czytania":"1 minuta"},"schema":{"@context":"https:\/\/schema.org","@graph":[{"@type":"WebPage","@id":"https:\/\/okpol.pl\/sklep\/produkt\/kolnierz-paroprzepuszczalny-akp\/","url":"https:\/\/okpol.pl\/sklep\/produkt\/kolnierz-paroprzepuszczalny-akp\/","name":"Ko\u0142nierz paroprzepuszczalny AKP - Sklep internetowy OKPOL","isPartOf":{"@id":"https:\/\/okpol.pl\/sklep\/#website"},"primaryImageOfPage":{"@id":"https:\/\/okpol.pl\/sklep\/produkt\/kolnierz-paroprzepuszczalny-akp\/#primaryimage"},"image":{"@id":"https:\/\/okpol.pl\/sklep\/produkt\/kolnierz-paroprzepuszczalny-akp\/#primaryimage"},"thumbnailUrl":"https:\/\/i0.wp.com\/okpol.pl\/sklep\/wp-content\/uploads\/2020\/05\/ko%C5%82nierz-paroprzepuszczalny-AKP-OKPOL.jpg?fit=1139%2C1368&ssl=1","datePublished":"2020-05-07T07:22:14+00:00","dateModified":"2025-04-01T10:28:05+00:00","breadcrumb":{"@id":"https:\/\/okpol.pl\/sklep\/produkt\/kolnierz-paroprzepuszczalny-akp\/#breadcrumb"},"inLanguage":"pl-PL","potentialAction":[{"@type":"ReadAction","target":["https:\/\/okpol.pl\/sklep\/produkt\/kolnierz-paroprzepuszczalny-akp\/"]}]},{"@type":"ImageObject","inLanguage":"pl-PL","@id":"https:\/\/okpol.pl\/sklep\/produkt\/kolnierz-paroprzepuszczalny-akp\/#primaryimage","url":"https:\/\/i0.wp.com\/okpol.pl\/sklep\/wp-content\/uploads\/2020\/05\/ko%C5%82nierz-paroprzepuszczalny-AKP-OKPOL.jpg?fit=1139%2C1368&ssl=1","contentUrl":"https:\/\/i0.wp.com\/okpol.pl\/sklep\/wp-content\/uploads\/2020\/05\/ko%C5%82nierz-paroprzepuszczalny-AKP-OKPOL.jpg?fit=1139%2C1368&ssl=1","width":1139,"height":1368,"caption":"ko\u0142nierz paroprzepuszczalny AKP OKPOL"},{"@type":"BreadcrumbList","@id":"https:\/\/okpol.pl\/sklep\/produkt\/kolnierz-paroprzepuszczalny-akp\/#breadcrumb","itemListElement":[{"@type":"ListItem","position":1,"name":"Strona g\u0142\u00f3wna","item":"https:\/\/okpol.pl\/sklep\/"},{"@type":"ListItem","position":2,"name":"Sklep","item":"https:\/\/okpol.pl\/sklep\/sklep\/"},{"@type":"ListItem","position":3,"name":"Ko\u0142nierz paroprzepuszczalny AKP"}]},{"@type":"WebSite","@id":"https:\/\/okpol.pl\/sklep\/#website","url":"https:\/\/okpol.pl\/sklep\/","name":"Sklep internetowy OKPOL","description":"akcesoria do okien dachowych OKPOL","publisher":{"@id":"https:\/\/okpol.pl\/sklep\/#organization"},"potentialAction":[{"@type":"SearchAction","target":{"@type":"EntryPoint","urlTemplate":"https:\/\/okpol.pl\/sklep\/?s={search_term_string}"},"query-input":{"@type":"PropertyValueSpecification","valueRequired":true,"valueName":"search_term_string"}}],"inLanguage":"pl-PL"},{"@type":"Organization","@id":"https:\/\/okpol.pl\/sklep\/#organization","name":"Okpol Sp. z o.o.","url":"https:\/\/okpol.pl\/sklep\/","logo":{"@type":"ImageObject","inLanguage":"pl-PL","@id":"https:\/\/okpol.pl\/sklep\/#\/schema\/logo\/image\/","url":"https:\/\/i2.wp.com\/okpol.pl\/sklep\/wp-content\/uploads\/2020\/04\/Logo-OKPOL-RGB-300x69-1.png?fit=300%2C69&ssl=1","contentUrl":"https:\/\/i2.wp.com\/okpol.pl\/sklep\/wp-content\/uploads\/2020\/04\/Logo-OKPOL-RGB-300x69-1.png?fit=300%2C69&ssl=1","width":300,"height":69,"caption":"Okpol Sp. z o.o."},"image":{"@id":"https:\/\/okpol.pl\/sklep\/#\/schema\/logo\/image\/"},"sameAs":["https:\/\/www.facebook.com\/oknadachowe","https:\/\/www.youtube.com\/channel\/UCtjVf14K2LNf29alqYglOIA"]}]}},"jetpack_sharing_enabled":true,"brands":[{"id":141,"name":"PRODUCENT OKPOL SP. Z O.O.","slug":"okpol"}],"_links":{"self":[{"href":"https:\/\/okpol.pl\/sklep\/wp-json\/wp\/v2\/product\/3759","targetHints":{"allow":["GET"]}}],"collection":[{"href":"https:\/\/okpol.pl\/sklep\/wp-json\/wp\/v2\/product"}],"about":[{"href":"https:\/\/okpol.pl\/sklep\/wp-json\/wp\/v2\/types\/product"}],"wp:featuredmedia":[{"embeddable":true,"href":"https:\/\/okpol.pl\/sklep\/wp-json\/wp\/v2\/media\/3774"}],"wp:attachment":[{"href":"https:\/\/okpol.pl\/sklep\/wp-json\/wp\/v2\/media?parent=3759"}],"wp:term":[{"taxonomy":"pwb-brand","embeddable":true,"href":"https:\/\/okpol.pl\/sklep\/wp-json\/wp\/v2\/pwb-brand?post=3759"},{"taxonomy":"product_brand","embeddable":true,"href":"https:\/\/okpol.pl\/sklep\/wp-json\/wp\/v2\/product_brand?post=3759"},{"taxonomy":"product_cat","embeddable":true,"href":"https:\/\/okpol.pl\/sklep\/wp-json\/wp\/v2\/product_cat?post=3759"},{"taxonomy":"product_tag","embeddable":true,"href":"https:\/\/okpol.pl\/sklep\/wp-json\/wp\/v2\/product_tag?post=3759"}],"curies":[{"name":"wp","href":"https:\/\/api.w.org\/{rel}","templated":true}]}}