{"id":3795,"date":"2020-05-07T11:21:31","date_gmt":"2020-05-07T09:21:31","guid":{"rendered":"http:\/\/okpol.pl\/sklep\/?post_type=product&#038;p=3795"},"modified":"2024-12-13T14:14:05","modified_gmt":"2024-12-13T13:14:05","slug":"detektor-deszczu-add","status":"publish","type":"product","link":"https:\/\/okpol.pl\/sklep\/produkt\/detektor-deszczu-add\/","title":{"rendered":"Detektor deszczu ADD"},"content":{"rendered":"<p>Automatyczne zamykanie skrzyd\u0142a w oknach ISC1, IGC1V<\/p>\n<p>&#8211; wyzwala automatyczne zamykanie okien gdy sensor czujnika jest mokry ( opady deszczu)<\/p>\n<p>&#8211; sensor czujnika jest niewra\u017cliwy na mg\u0142\u0119, oblodzenie, ros\u0119, wilgo\u0107<\/p>\n<p>&nbsp;<\/p>\n<p>Czas realizacji zam\u00f3wienia wynosi 14 dni roboczych<\/p>\n","protected":false},"excerpt":{"rendered":"<p>Automatyczne zamykanie skrzyd\u0142a w oknach ISC1, IGC1V &#8211; wyzwala automatyczne zamykanie okien gdy sensor czujnika jest mokry ( opady deszczu) &#8211; sensor czujnika jest niewra\u017cliwy na mg\u0142\u0119, oblodzenie, ros\u0119, wilgo\u0107 &nbsp; Czas realizacji zam\u00f3wienia wynosi 14 dni roboczych<\/p>\n","protected":false},"featured_media":3796,"template":"","meta":[],"pwb-brand":[141],"product_brand":[],"product_cat":[95],"product_tag":[],"class_list":{"0":"post-3795","1":"product","2":"type-product","3":"status-publish","4":"has-post-thumbnail","6":"pwb-brand-okpol","7":"product_cat-automatyka-okienna","8":"product_shipping_class-standardowa","10":"first","11":"instock","12":"taxable","13":"shipping-taxable","14":"purchasable","15":"product-type-simple"},"yoast_head":"<!-- This site is optimized with the Yoast SEO plugin v27.5 - https:\/\/yoast.com\/product\/yoast-seo-wordpress\/ -->\n<title>Detektor deszczu ADD - Sklep internetowy OKPOL<\/title>\n<meta name=\"robots\" content=\"index, follow, max-snippet:-1, max-image-preview:large, max-video-preview:-1\" \/>\n<link rel=\"canonical\" href=\"https:\/\/okpol.pl\/sklep\/produkt\/detektor-deszczu-add\/\" \/>\n<meta property=\"og:locale\" content=\"pl_PL\" \/>\n<meta property=\"og:type\" content=\"article\" \/>\n<meta property=\"og:title\" content=\"Detektor deszczu ADD - Sklep internetowy OKPOL\" \/>\n<meta property=\"og:description\" content=\"Automatyczne zamykanie skrzyd\u0142a w oknach ISC1, IGC1V &#8211; wyzwala automatyczne zamykanie okien gdy sensor czujnika jest mokry ( opady deszczu) &#8211; sensor czujnika jest niewra\u017cliwy na mg\u0142\u0119, oblodzenie, ros\u0119, wilgo\u0107 &nbsp; Czas realizacji zam\u00f3wienia wynosi 14 dni roboczych\" \/>\n<meta property=\"og:url\" content=\"https:\/\/okpol.pl\/sklep\/produkt\/detektor-deszczu-add\/\" \/>\n<meta property=\"og:site_name\" content=\"Sklep internetowy OKPOL\" \/>\n<meta property=\"article:publisher\" content=\"https:\/\/www.facebook.com\/oknadachowe\" \/>\n<meta property=\"article:modified_time\" content=\"2024-12-13T13:14:05+00:00\" \/>\n<meta property=\"og:image\" content=\"https:\/\/okpol.pl\/sklep\/wp-content\/uploads\/2020\/05\/czujnik-deszczu.jpg\" \/>\n\t<meta property=\"og:image:width\" content=\"1500\" \/>\n\t<meta property=\"og:image:height\" content=\"2031\" \/>\n\t<meta property=\"og:image:type\" content=\"image\/jpeg\" \/>\n<meta name=\"twitter:card\" content=\"summary_large_image\" \/>\n<meta name=\"twitter:label1\" content=\"Szacowany czas czytania\" \/>\n\t<meta name=\"twitter:data1\" content=\"1 minuta\" \/>\n<script type=\"application\/ld+json\" class=\"yoast-schema-graph\">{\"@context\":\"https:\\\/\\\/schema.org\",\"@graph\":[{\"@type\":\"WebPage\",\"@id\":\"https:\\\/\\\/okpol.pl\\\/sklep\\\/produkt\\\/detektor-deszczu-add\\\/\",\"url\":\"https:\\\/\\\/okpol.pl\\\/sklep\\\/produkt\\\/detektor-deszczu-add\\\/\",\"name\":\"Detektor deszczu ADD - Sklep internetowy OKPOL\",\"isPartOf\":{\"@id\":\"https:\\\/\\\/okpol.pl\\\/sklep\\\/#website\"},\"primaryImageOfPage\":{\"@id\":\"https:\\\/\\\/okpol.pl\\\/sklep\\\/produkt\\\/detektor-deszczu-add\\\/#primaryimage\"},\"image\":{\"@id\":\"https:\\\/\\\/okpol.pl\\\/sklep\\\/produkt\\\/detektor-deszczu-add\\\/#primaryimage\"},\"thumbnailUrl\":\"https:\\\/\\\/i0.wp.com\\\/okpol.pl\\\/sklep\\\/wp-content\\\/uploads\\\/2020\\\/05\\\/czujnik-deszczu.jpg?fit=1500%2C2031&ssl=1\",\"datePublished\":\"2020-05-07T09:21:31+00:00\",\"dateModified\":\"2024-12-13T13:14:05+00:00\",\"breadcrumb\":{\"@id\":\"https:\\\/\\\/okpol.pl\\\/sklep\\\/produkt\\\/detektor-deszczu-add\\\/#breadcrumb\"},\"inLanguage\":\"pl-PL\",\"potentialAction\":[{\"@type\":\"ReadAction\",\"target\":[\"https:\\\/\\\/okpol.pl\\\/sklep\\\/produkt\\\/detektor-deszczu-add\\\/\"]}]},{\"@type\":\"ImageObject\",\"inLanguage\":\"pl-PL\",\"@id\":\"https:\\\/\\\/okpol.pl\\\/sklep\\\/produkt\\\/detektor-deszczu-add\\\/#primaryimage\",\"url\":\"https:\\\/\\\/i0.wp.com\\\/okpol.pl\\\/sklep\\\/wp-content\\\/uploads\\\/2020\\\/05\\\/czujnik-deszczu.jpg?fit=1500%2C2031&ssl=1\",\"contentUrl\":\"https:\\\/\\\/i0.wp.com\\\/okpol.pl\\\/sklep\\\/wp-content\\\/uploads\\\/2020\\\/05\\\/czujnik-deszczu.jpg?fit=1500%2C2031&ssl=1\",\"width\":1500,\"height\":2031,\"caption\":\"Czujnik deszczu do okna OKPOL\"},{\"@type\":\"BreadcrumbList\",\"@id\":\"https:\\\/\\\/okpol.pl\\\/sklep\\\/produkt\\\/detektor-deszczu-add\\\/#breadcrumb\",\"itemListElement\":[{\"@type\":\"ListItem\",\"position\":1,\"name\":\"Strona g\u0142\u00f3wna\",\"item\":\"https:\\\/\\\/okpol.pl\\\/sklep\\\/\"},{\"@type\":\"ListItem\",\"position\":2,\"name\":\"Sklep\",\"item\":\"https:\\\/\\\/okpol.pl\\\/sklep\\\/sklep\\\/\"},{\"@type\":\"ListItem\",\"position\":3,\"name\":\"Detektor deszczu ADD\"}]},{\"@type\":\"WebSite\",\"@id\":\"https:\\\/\\\/okpol.pl\\\/sklep\\\/#website\",\"url\":\"https:\\\/\\\/okpol.pl\\\/sklep\\\/\",\"name\":\"Sklep internetowy OKPOL\",\"description\":\"akcesoria do okien dachowych OKPOL\",\"publisher\":{\"@id\":\"https:\\\/\\\/okpol.pl\\\/sklep\\\/#organization\"},\"potentialAction\":[{\"@type\":\"SearchAction\",\"target\":{\"@type\":\"EntryPoint\",\"urlTemplate\":\"https:\\\/\\\/okpol.pl\\\/sklep\\\/?s={search_term_string}\"},\"query-input\":{\"@type\":\"PropertyValueSpecification\",\"valueRequired\":true,\"valueName\":\"search_term_string\"}}],\"inLanguage\":\"pl-PL\"},{\"@type\":\"Organization\",\"@id\":\"https:\\\/\\\/okpol.pl\\\/sklep\\\/#organization\",\"name\":\"Okpol Sp. z o.o.\",\"url\":\"https:\\\/\\\/okpol.pl\\\/sklep\\\/\",\"logo\":{\"@type\":\"ImageObject\",\"inLanguage\":\"pl-PL\",\"@id\":\"https:\\\/\\\/okpol.pl\\\/sklep\\\/#\\\/schema\\\/logo\\\/image\\\/\",\"url\":\"https:\\\/\\\/i2.wp.com\\\/okpol.pl\\\/sklep\\\/wp-content\\\/uploads\\\/2020\\\/04\\\/Logo-OKPOL-RGB-300x69-1.png?fit=300%2C69&ssl=1\",\"contentUrl\":\"https:\\\/\\\/i2.wp.com\\\/okpol.pl\\\/sklep\\\/wp-content\\\/uploads\\\/2020\\\/04\\\/Logo-OKPOL-RGB-300x69-1.png?fit=300%2C69&ssl=1\",\"width\":300,\"height\":69,\"caption\":\"Okpol Sp. z o.o.\"},\"image\":{\"@id\":\"https:\\\/\\\/okpol.pl\\\/sklep\\\/#\\\/schema\\\/logo\\\/image\\\/\"},\"sameAs\":[\"https:\\\/\\\/www.facebook.com\\\/oknadachowe\",\"https:\\\/\\\/www.youtube.com\\\/channel\\\/UCtjVf14K2LNf29alqYglOIA\"]}]}<\/script>\n<!-- \/ Yoast SEO plugin. -->","yoast_head_json":{"title":"Detektor deszczu ADD - Sklep internetowy OKPOL","robots":{"index":"index","follow":"follow","max-snippet":"max-snippet:-1","max-image-preview":"max-image-preview:large","max-video-preview":"max-video-preview:-1"},"canonical":"https:\/\/okpol.pl\/sklep\/produkt\/detektor-deszczu-add\/","og_locale":"pl_PL","og_type":"article","og_title":"Detektor deszczu ADD - Sklep internetowy OKPOL","og_description":"Automatyczne zamykanie skrzyd\u0142a w oknach ISC1, IGC1V &#8211; wyzwala automatyczne zamykanie okien gdy sensor czujnika jest mokry ( opady deszczu) &#8211; sensor czujnika jest niewra\u017cliwy na mg\u0142\u0119, oblodzenie, ros\u0119, wilgo\u0107 &nbsp; Czas realizacji zam\u00f3wienia wynosi 14 dni roboczych","og_url":"https:\/\/okpol.pl\/sklep\/produkt\/detektor-deszczu-add\/","og_site_name":"Sklep internetowy OKPOL","article_publisher":"https:\/\/www.facebook.com\/oknadachowe","article_modified_time":"2024-12-13T13:14:05+00:00","og_image":[{"width":1500,"height":2031,"url":"https:\/\/okpol.pl\/sklep\/wp-content\/uploads\/2020\/05\/czujnik-deszczu.jpg","type":"image\/jpeg"}],"twitter_card":"summary_large_image","twitter_misc":{"Szacowany czas czytania":"1 minuta"},"schema":{"@context":"https:\/\/schema.org","@graph":[{"@type":"WebPage","@id":"https:\/\/okpol.pl\/sklep\/produkt\/detektor-deszczu-add\/","url":"https:\/\/okpol.pl\/sklep\/produkt\/detektor-deszczu-add\/","name":"Detektor deszczu ADD - Sklep internetowy OKPOL","isPartOf":{"@id":"https:\/\/okpol.pl\/sklep\/#website"},"primaryImageOfPage":{"@id":"https:\/\/okpol.pl\/sklep\/produkt\/detektor-deszczu-add\/#primaryimage"},"image":{"@id":"https:\/\/okpol.pl\/sklep\/produkt\/detektor-deszczu-add\/#primaryimage"},"thumbnailUrl":"https:\/\/i0.wp.com\/okpol.pl\/sklep\/wp-content\/uploads\/2020\/05\/czujnik-deszczu.jpg?fit=1500%2C2031&ssl=1","datePublished":"2020-05-07T09:21:31+00:00","dateModified":"2024-12-13T13:14:05+00:00","breadcrumb":{"@id":"https:\/\/okpol.pl\/sklep\/produkt\/detektor-deszczu-add\/#breadcrumb"},"inLanguage":"pl-PL","potentialAction":[{"@type":"ReadAction","target":["https:\/\/okpol.pl\/sklep\/produkt\/detektor-deszczu-add\/"]}]},{"@type":"ImageObject","inLanguage":"pl-PL","@id":"https:\/\/okpol.pl\/sklep\/produkt\/detektor-deszczu-add\/#primaryimage","url":"https:\/\/i0.wp.com\/okpol.pl\/sklep\/wp-content\/uploads\/2020\/05\/czujnik-deszczu.jpg?fit=1500%2C2031&ssl=1","contentUrl":"https:\/\/i0.wp.com\/okpol.pl\/sklep\/wp-content\/uploads\/2020\/05\/czujnik-deszczu.jpg?fit=1500%2C2031&ssl=1","width":1500,"height":2031,"caption":"Czujnik deszczu do okna OKPOL"},{"@type":"BreadcrumbList","@id":"https:\/\/okpol.pl\/sklep\/produkt\/detektor-deszczu-add\/#breadcrumb","itemListElement":[{"@type":"ListItem","position":1,"name":"Strona g\u0142\u00f3wna","item":"https:\/\/okpol.pl\/sklep\/"},{"@type":"ListItem","position":2,"name":"Sklep","item":"https:\/\/okpol.pl\/sklep\/sklep\/"},{"@type":"ListItem","position":3,"name":"Detektor deszczu ADD"}]},{"@type":"WebSite","@id":"https:\/\/okpol.pl\/sklep\/#website","url":"https:\/\/okpol.pl\/sklep\/","name":"Sklep internetowy OKPOL","description":"akcesoria do okien dachowych OKPOL","publisher":{"@id":"https:\/\/okpol.pl\/sklep\/#organization"},"potentialAction":[{"@type":"SearchAction","target":{"@type":"EntryPoint","urlTemplate":"https:\/\/okpol.pl\/sklep\/?s={search_term_string}"},"query-input":{"@type":"PropertyValueSpecification","valueRequired":true,"valueName":"search_term_string"}}],"inLanguage":"pl-PL"},{"@type":"Organization","@id":"https:\/\/okpol.pl\/sklep\/#organization","name":"Okpol Sp. z o.o.","url":"https:\/\/okpol.pl\/sklep\/","logo":{"@type":"ImageObject","inLanguage":"pl-PL","@id":"https:\/\/okpol.pl\/sklep\/#\/schema\/logo\/image\/","url":"https:\/\/i2.wp.com\/okpol.pl\/sklep\/wp-content\/uploads\/2020\/04\/Logo-OKPOL-RGB-300x69-1.png?fit=300%2C69&ssl=1","contentUrl":"https:\/\/i2.wp.com\/okpol.pl\/sklep\/wp-content\/uploads\/2020\/04\/Logo-OKPOL-RGB-300x69-1.png?fit=300%2C69&ssl=1","width":300,"height":69,"caption":"Okpol Sp. z o.o."},"image":{"@id":"https:\/\/okpol.pl\/sklep\/#\/schema\/logo\/image\/"},"sameAs":["https:\/\/www.facebook.com\/oknadachowe","https:\/\/www.youtube.com\/channel\/UCtjVf14K2LNf29alqYglOIA"]}]}},"jetpack_sharing_enabled":true,"brands":[{"id":141,"name":"PRODUCENT OKPOL SP. Z O.O.","slug":"okpol"}],"_links":{"self":[{"href":"https:\/\/okpol.pl\/sklep\/wp-json\/wp\/v2\/product\/3795","targetHints":{"allow":["GET"]}}],"collection":[{"href":"https:\/\/okpol.pl\/sklep\/wp-json\/wp\/v2\/product"}],"about":[{"href":"https:\/\/okpol.pl\/sklep\/wp-json\/wp\/v2\/types\/product"}],"wp:featuredmedia":[{"embeddable":true,"href":"https:\/\/okpol.pl\/sklep\/wp-json\/wp\/v2\/media\/3796"}],"wp:attachment":[{"href":"https:\/\/okpol.pl\/sklep\/wp-json\/wp\/v2\/media?parent=3795"}],"wp:term":[{"taxonomy":"pwb-brand","embeddable":true,"href":"https:\/\/okpol.pl\/sklep\/wp-json\/wp\/v2\/pwb-brand?post=3795"},{"taxonomy":"product_brand","embeddable":true,"href":"https:\/\/okpol.pl\/sklep\/wp-json\/wp\/v2\/product_brand?post=3795"},{"taxonomy":"product_cat","embeddable":true,"href":"https:\/\/okpol.pl\/sklep\/wp-json\/wp\/v2\/product_cat?post=3795"},{"taxonomy":"product_tag","embeddable":true,"href":"https:\/\/okpol.pl\/sklep\/wp-json\/wp\/v2\/product_tag?post=3795"}],"curies":[{"name":"wp","href":"https:\/\/api.w.org\/{rel}","templated":true}]}}